{"id":5940,"date":"2024-12-04T03:47:02","date_gmt":"2024-12-04T03:47:02","guid":{"rendered":"https:\/\/bufoli-legnami.com\/?post_type=product&#038;p=5940"},"modified":"2025-11-10T09:06:27","modified_gmt":"2025-11-10T09:06:27","slug":"stufa-a-pellet-aria-anita-15-kw-nero-sannover","status":"publish","type":"product","link":"https:\/\/bufoli-legnami.com\/it\/prodotto\/stufa-a-pellet-aria-anita-15-kw-nero-sannover\/","title":{"rendered":"Stufa a pellet aria Anita 15 kW Nero Sannover"},"content":{"rendered":"<p>Stufa a pellet aria 15 kW Anita Sannover Una stufa a pellet Air ad alte prestazioni ed economiche Anita \u00e8 una stufa a pellet ad aria compatta dal design innovativo. Basso consumo per 27 ore di autonomia, scaldare fino a 130 m2 Doppia combustione, aria ventilata, dimensioni compatte, manutenzione facilitata, programmabile, crogiolo in ghisa, sonda d&rsquo;atmosfera integrata, molto silenziosa, cassetto cenere rimovibile, uscita fumi sul retro. La stufa a pellet Anita \u00e8 dotata di un crogiolo in ghisa che consente un&rsquo;ammortizzazione pi\u00f9 silenziosa quando cade il pellet all&rsquo;interno del crogiolo, molto utile soprattutto quando la stufa a pellet \u00e8 installata nel soggiorno. Anita \u00e8 una stufa a pellet aria, il che significa che \u00e8 dotata di un ventilatore, in modo da garantire una migliore distribuzione del calore nel volume da riscaldare. Un calore morbido in tutta la casa, a costi ridotti poich\u00e9 oltre il suo eccellente rapporto qualit\u00e0\/prezzo, i pellet sono un combustibile economico e con un impatto molto limitato sull&rsquo;ambiente. I vantaggi della stufa a pellet con aria ventilata Anita La stufa a pellet Anita \u00e8 dotata di un pannello di controllo digitale situato sulla parte superiore del dispositivo, il pilotaggio \u00e8 semplice e accessibile a tutti. Un altro vantaggio, la sonda d&rsquo;atmosfera direttamente integrata nella stufa a pellet aria non richieder\u00e0 il collegamento con qualsiasi altro termostato d&rsquo;atmosfera. Grazie al suo sistema di regolazione automatica, la stufa a pellet gestisce i suoi avviamenti e arresti in base alla temperatura impostata. Inoltre, \u00e8 incluso un telecomando con la stufa a pellet Anita, potrai guidare la tua stufa da remoto. Un avvio rapido ti consentir\u00e0 anche di raggiungere rapidamente la temperatura desiderata e la ventola diffonder\u00e0 il calore in tutta l&rsquo;abitazione. Il suo serbatoio a pellet con una capacit\u00e0 di 25 kg consente di godere di una durata massima fino a 27 ore. L&rsquo;efficienza del 90,8% e la sua classe energetica A+ garantiscono un sacco di risparmio nel tempo! \u00c8 dotato di un cassetto portacenere rimovibile molto comodo per svuotarlo facilmente e l&rsquo;accesso ai componenti interni \u00e8 facilitato. Le sue dimensioni compatte e l&rsquo;evacuazione dei fumi dalla parte posteriore del dispositivo ti permetteranno ampie possibilit\u00e0 di installare la tua stufa a pellet aria. Una stufa di design e facile da usare La stufa a pellet deve essere installata da un professionista qualificato e mantenuta annualmente Caratteristiche tecniche Evacuazione dei fumi: Camino (non impermeabile) Diametro di uscita: 80 mm Classe energetica riscaldamento: A+ Potenza nominale: 12,8 kW Potenza massima: 15 kW Rendimento a potenza nominale: 90,8% Volume di riscaldamento: 130 m2 Capacit\u00e0 serbatoio a pellet 25 kg. Autonomia 27 ore. Garanzia: 2 anni H\/L\/P: 1118 \/ 542 \/ 654 mm. Peso: 153 kg. Telecomando incluso.<\/p>","protected":false},"excerpt":{"rendered":"<ul class=\"a-unordered-list a-vertical a-spacing-mini\">\n<li class=\"a-spacing-mini\"><span class=\"a-list-item\">Stufa a pellet + kit affumicatura<\/span><\/li>\n<li class=\"a-spacing-mini\"><span class=\"a-list-item\">Collegamento: camino 80 mm<\/span><\/li>\n<li class=\"a-spacing-mini\"><span class=\"a-list-item\">Tipo: Riscaldamento da solo<\/span><\/li>\n<li class=\"a-spacing-mini\"><span class=\"a-list-item\">Marca: Sannover<\/span><\/li>\n<li class=\"a-spacing-mini\"><span class=\"a-list-item\">Potenza: 15 kW<\/span><\/li>\n<\/ul>","protected":false},"featured_media":5941,"comment_status":"open","ping_status":"closed","template":"","meta":{"ocean_post_layout":"","ocean_both_sidebars_style":"","ocean_both_sidebars_content_width":0,"ocean_both_sidebars_sidebars_width":0,"ocean_sidebar":"0","ocean_second_sidebar":"0","ocean_disable_margins":"enable","ocean_add_body_class":"","ocean_shortcode_before_top_bar":"","ocean_shortcode_after_top_bar":"","ocean_shortcode_before_header":"","ocean_shortcode_after_header":"","ocean_has_shortcode":"","ocean_shortcode_after_title":"","ocean_shortcode_before_footer_widgets":"","ocean_shortcode_after_footer_widgets":"","ocean_shortcode_before_footer_bottom":"","ocean_shortcode_after_footer_bottom":"","ocean_display_top_bar":"default","ocean_display_header":"default","ocean_header_style":"","ocean_center_header_left_menu":"0","ocean_custom_header_template":"0","ocean_custom_logo":0,"ocean_custom_retina_logo":0,"ocean_custom_logo_max_width":0,"ocean_custom_logo_tablet_max_width":0,"ocean_custom_logo_mobile_max_width":0,"ocean_custom_logo_max_height":0,"ocean_custom_logo_tablet_max_height":0,"ocean_custom_logo_mobile_max_height":0,"ocean_header_custom_menu":"0","ocean_menu_typo_font_family":"0","ocean_menu_typo_font_subset":"","ocean_menu_typo_font_size":0,"ocean_menu_typo_font_size_tablet":0,"ocean_menu_typo_font_size_mobile":0,"ocean_menu_typo_font_size_unit":"px","ocean_menu_typo_font_weight":"","ocean_menu_typo_font_weight_tablet":"","ocean_menu_typo_font_weight_mobile":"","ocean_menu_typo_transform":"","ocean_menu_typo_transform_tablet":"","ocean_menu_typo_transform_mobile":"","ocean_menu_typo_line_height":0,"ocean_menu_typo_line_height_tablet":0,"ocean_menu_typo_line_height_mobile":0,"ocean_menu_typo_line_height_unit":"","ocean_menu_typo_spacing":0,"ocean_menu_typo_spacing_tablet":0,"ocean_menu_typo_spacing_mobile":0,"ocean_menu_typo_spacing_unit":"","ocean_menu_link_color":"","ocean_menu_link_color_hover":"","ocean_menu_link_color_active":"","ocean_menu_link_background":"","ocean_menu_link_hover_background":"","ocean_menu_link_active_background":"","ocean_menu_social_links_bg":"","ocean_menu_social_hover_links_bg":"","ocean_menu_social_links_color":"","ocean_menu_social_hover_links_color":"","ocean_disable_title":"default","ocean_disable_heading":"default","ocean_post_title":"","ocean_post_subheading":"","ocean_post_title_style":"","ocean_post_title_background_color":"","ocean_post_title_background":0,"ocean_post_title_bg_image_position":"","ocean_post_title_bg_image_attachment":"","ocean_post_title_bg_image_repeat":"","ocean_post_title_bg_image_size":"","ocean_post_title_height":0,"ocean_post_title_bg_overlay":0.5,"ocean_post_title_bg_overlay_color":"","ocean_disable_breadcrumbs":"default","ocean_breadcrumbs_color":"","ocean_breadcrumbs_separator_color":"","ocean_breadcrumbs_links_color":"","ocean_breadcrumbs_links_hover_color":"","ocean_display_footer_widgets":"default","ocean_display_footer_bottom":"default","ocean_custom_footer_template":"0"},"product_brand":[],"product_cat":[51],"product_tag":[],"class_list":{"0":"post-5940","1":"product","2":"type-product","3":"status-publish","4":"has-post-thumbnail","6":"product_cat-stufa","8":"entry","9":"has-media","11":"first","12":"instock","13":"sale","14":"shipping-taxable","15":"purchasable","16":"product-type-simple","17":"has-rating","18":"has-product-nav","19":"col","20":"span_1_of_3","21":"owp-content-center","22":"owp-thumbs-layout-horizontal","23":"owp-btn-normal","24":"owp-tabs-layout-horizontal","25":"has-no-thumbnails"},"_links":{"self":[{"href":"https:\/\/bufoli-legnami.com\/it\/wp-json\/wp\/v2\/product\/5940","targetHints":{"allow":["GET"]}}],"collection":[{"href":"https:\/\/bufoli-legnami.com\/it\/wp-json\/wp\/v2\/product"}],"about":[{"href":"https:\/\/bufoli-legnami.com\/it\/wp-json\/wp\/v2\/types\/product"}],"replies":[{"embeddable":true,"href":"https:\/\/bufoli-legnami.com\/it\/wp-json\/wp\/v2\/comments?post=5940"}],"version-history":[{"count":2,"href":"https:\/\/bufoli-legnami.com\/it\/wp-json\/wp\/v2\/product\/5940\/revisions"}],"predecessor-version":[{"id":5943,"href":"https:\/\/bufoli-legnami.com\/it\/wp-json\/wp\/v2\/product\/5940\/revisions\/5943"}],"wp:featuredmedia":[{"embeddable":true,"href":"https:\/\/bufoli-legnami.com\/it\/wp-json\/wp\/v2\/media\/5941"}],"wp:attachment":[{"href":"https:\/\/bufoli-legnami.com\/it\/wp-json\/wp\/v2\/media?parent=5940"}],"wp:term":[{"taxonomy":"product_brand","embeddable":true,"href":"https:\/\/bufoli-legnami.com\/it\/wp-json\/wp\/v2\/product_brand?post=5940"},{"taxonomy":"product_cat","embeddable":true,"href":"https:\/\/bufoli-legnami.com\/it\/wp-json\/wp\/v2\/product_cat?post=5940"},{"taxonomy":"product_tag","embeddable":true,"href":"https:\/\/bufoli-legnami.com\/it\/wp-json\/wp\/v2\/product_tag?post=5940"}],"curies":[{"name":"wp","href":"https:\/\/api.w.org\/{rel}","templated":true}]}}