{"id":5684,"date":"2024-08-27T21:26:12","date_gmt":"2024-08-27T19:26:12","guid":{"rendered":"https:\/\/legnaenergia.com\/?post_type=product&#038;p=5684"},"modified":"2025-10-28T10:08:31","modified_gmt":"2025-10-28T10:08:31","slug":"stufa-a-pellet-ad-aria-anita-da-12-kw-sannover-nera","status":"publish","type":"product","link":"https:\/\/bufoli-legnami.com\/it\/prodotto\/stufa-a-pellet-ad-aria-anita-da-12-kw-sannover-nera\/","title":{"rendered":"Stufa a pellet ad aria Anita da 12 kW Sannover nera"},"content":{"rendered":"<p>Stufa a pellet ad aria Anita Sannover 12 kW<\/p>\n<ul>\n<li>Una stufa a pellet Air efficiente ed economica<\/li>\n<\/ul>\n<p>Anita \u00e8 una stufa ad aria compatta stufa a pellet dal design innovativo. Bassi consumi per 27 ore di autonomia, riscalda fino a 120 mq<br \/>\nDoppia combustione, aria ventilata, dimensioni compatte, facile manutenzione, programmabile, crogiolo in ghisa , sensore ambiente integrato, molto silenziosa, cassetto cenere estraibile, uscita fumi posteriore.<br \/>\nLa stufa a pellet Anita \u00e8 dotata di crogiolo in ghisa che garantisce un&rsquo;ammortizzazione pi\u00f9 silenziosa quando il pellet cade all&rsquo;interno del crogiolo, molto utile soprattutto quando la stufa a pellet \u00e8 installata in soggiorno.<\/p>\n<p>Anita \u00e8 una stufa a pellet ad aria, cio\u00e8 \u00e8 dotata di ventilatore, quindi garantisce una migliore distribuzione del calore nel volume da riscaldare. Un calore dolce in tutta la casa, a costi contenuti poich\u00e9, al di l\u00e0 dell&rsquo;ottimo rapporto qualit\u00e0\/prezzo, il pellet \u00e8 un combustibile economico e con un impatto ambientale molto limitato.<\/p>\n<ul>\n<li>I vantaggi di la stufa a pellet Anita ad aria ventilata<\/li>\n<\/ul>\n<p>\nLa stufa a pellet Anita \u00e8 dotata di un pannello di controllo digitale situato nella parte superiore dell&rsquo;apparecchio, il controllo \u00e8 semplice e accessibile a tutti.<br \/>\nUn altro vantaggio: il sensore ambiente direttamente integrato nella stufa a pellet non richieder\u00e0 il collegamento con nessun altro termostato ambiente. Grazie al suo sistema di regolazione automatica, la stufa a pellet gestisce l&rsquo;accensione e lo spegnimento in base alla temperatura impostata.\n<\/p>\n<p>\n<strong>Inoltre \u00e8 incluso un telecomando<\/strong> con la stufa a pellet Anita, potrai controllare la tua stufa a distanza.<br \/>\nUn avvio veloce ti permetter\u00e0 anche di raggiungere rapidamente la temperatura desiderata e la ventola diffonder\u00e0 il calore in tutta la casa.\n<\/p>\n<p>\nIl suo serbatoio pellet con una capacit\u00e0 di 30 kg ti permette di beneficiare di un&rsquo;autonomia massima fino a 27 ore!<br \/>\nUn&rsquo;efficienza vicina all&rsquo;89% e la sua classe energetica A+ ti garantiscono numerosi risparmi nel tempo!\n<\/p>\n<p>\n\u00c8 dotato di un praticissimo cassetto cenere estraibile per un facile svuotamento, e l&rsquo;accesso ai componenti interni \u00e8 agevole.\n<\/p>\n<p>\nLe sue dimensioni compatte e l&rsquo;evacuazione dei fumi dalla parte posteriore dell&rsquo;apparecchio ti offriranno ampie possibilit\u00e0 di installazione della tua stufa a pellet.\n<\/p>\n<ul>\n<li>Una stufa elegante e facile da usare<\/li>\n<\/ul>\n<p>\nLa tua stufa a pellet deve essere installata da un professionista qualificato e sottoposta a manutenzione annuale.\n<\/p>\n<table class=\"o-product-features\" role=\"presentation\" data-cerberus=\"TABLE_AttributesProduct\">\n<caption class=\"kl-hidden-accessibility\">\u00a0<\/caption>\n<tbody>\n<tr class=\"m-product-attr-row\">\n<th class=\"m-product-attr-row__name\" scope=\"row\">Dimensioni (cm)<\/th>\n<td class=\"m-product-attr-row__value\">L53.4\u00a0x H104.2\u00a0x P58.5<\/td>\n<\/tr>\n<tr class=\"m-product-attr-row\">\n<th class=\"m-product-attr-row__name\" scope=\"row\">Classe energetica (da A ++ a G)<\/th>\n<td class=\"m-product-attr-row__value\">A+<\/td>\n<\/tr>\n<tr class=\"m-product-attr-row\">\n<th class=\"m-product-attr-row__name\" scope=\"row\">Numero di uscite<\/th>\n<td class=\"m-product-attr-row__value\">1<\/td>\n<\/tr>\n<tr class=\"m-product-attr-row\">\n<th class=\"m-product-attr-row__name\" scope=\"row\">Funzione<\/th>\n<td class=\"m-product-attr-row__value\">Ventilazione<\/td>\n<\/tr>\n<tr class=\"m-product-attr-row\">\n<th class=\"m-product-attr-row__name\" scope=\"row\">Scarico fumi<\/th>\n<td class=\"m-product-attr-row__value\">Posteriore<\/td>\n<\/tr>\n<tr class=\"m-product-attr-row\">\n<th class=\"m-product-attr-row__name\" scope=\"row\">Destinazione<\/th>\n<td class=\"m-product-attr-row__value\">Pavimento<\/td>\n<\/tr>\n<tr class=\"m-product-attr-row\">\n<th class=\"m-product-attr-row__name\" scope=\"row\">Larghezza (in cm)<\/th>\n<td class=\"m-product-attr-row__value\">53.4<\/td>\n<\/tr>\n<tr class=\"m-product-attr-row\">\n<th class=\"m-product-attr-row__name\" scope=\"row\">Profondit\u00e0 (in cm)<\/th>\n<td class=\"m-product-attr-row__value\">58.5<\/td>\n<\/tr>\n<tr class=\"m-product-attr-row\">\n<th class=\"m-product-attr-row__name\" scope=\"row\">Altezza (in cm)<\/th>\n<td class=\"m-product-attr-row__value\">104.2<\/td>\n<\/tr>\n<tr class=\"m-product-attr-row\">\n<th class=\"m-product-attr-row__name\" scope=\"row\">Diametro della bocchetta di uscita (in mm)<\/th>\n<td class=\"m-product-attr-row__value\">80<\/td>\n<\/tr>\n<tr class=\"m-product-attr-row\">\n<th class=\"m-product-attr-row__name\" scope=\"row\">Potenza termica introdotta (in kW)<\/th>\n<td class=\"m-product-attr-row__value\">12<\/td>\n<\/tr>\n<tr class=\"m-product-attr-row\">\n<th class=\"m-product-attr-row__name\" scope=\"row\">Canalizzabile<\/th>\n<td class=\"m-product-attr-row__value\">No<\/td>\n<\/tr>\n<tr class=\"m-product-attr-row\">\n<th class=\"m-product-attr-row__name\" scope=\"row\">Telecomando incluso<\/th>\n<td class=\"m-product-attr-row__value\">No<\/td>\n<\/tr>\n<\/tbody>\n<\/table>","protected":false},"excerpt":{"rendered":"<p>Evacuazione fumi: Camino (non impermeabile)<br \/>\nDiametro uscita: 80mm<br \/>\nClasse energetica riscaldamento: A+<br \/>\nPotenza nominale : 10,6 kW<br \/>\nPotenza massima: 12 kW<br \/>\nRendimento alla potenza nominale: 89%<br \/>\nVolume riscaldabile: 120 m2<br \/>\nSerbatoio pellet portata: 30 kg<br \/>\nAutonomia: 27 ore<br \/>\nGaranzia: 2 anni<br \/>\nA\/L\/P: 1042 \/ 534 \/ 585 mm<br \/>\nPeso: 136 kg<br \/>\nTelecomando incluso<\/p>","protected":false},"featured_media":5776,"comment_status":"open","ping_status":"closed","template":"","meta":{"ocean_post_layout":"","ocean_both_sidebars_style":"","ocean_both_sidebars_content_width":0,"ocean_both_sidebars_sidebars_width":0,"ocean_sidebar":"0","ocean_second_sidebar":"0","ocean_disable_margins":"enable","ocean_add_body_class":"","ocean_shortcode_before_top_bar":"","ocean_shortcode_after_top_bar":"","ocean_shortcode_before_header":"","ocean_shortcode_after_header":"","ocean_has_shortcode":"","ocean_shortcode_after_title":"","ocean_shortcode_before_footer_widgets":"","ocean_shortcode_after_footer_widgets":"","ocean_shortcode_before_footer_bottom":"","ocean_shortcode_after_footer_bottom":"","ocean_display_top_bar":"default","ocean_display_header":"default","ocean_header_style":"","ocean_center_header_left_menu":"0","ocean_custom_header_template":"0","ocean_custom_logo":0,"ocean_custom_retina_logo":0,"ocean_custom_logo_max_width":0,"ocean_custom_logo_tablet_max_width":0,"ocean_custom_logo_mobile_max_width":0,"ocean_custom_logo_max_height":0,"ocean_custom_logo_tablet_max_height":0,"ocean_custom_logo_mobile_max_height":0,"ocean_header_custom_menu":"0","ocean_menu_typo_font_family":"0","ocean_menu_typo_font_subset":"","ocean_menu_typo_font_size":0,"ocean_menu_typo_font_size_tablet":0,"ocean_menu_typo_font_size_mobile":0,"ocean_menu_typo_font_size_unit":"px","ocean_menu_typo_font_weight":"","ocean_menu_typo_font_weight_tablet":"","ocean_menu_typo_font_weight_mobile":"","ocean_menu_typo_transform":"","ocean_menu_typo_transform_tablet":"","ocean_menu_typo_transform_mobile":"","ocean_menu_typo_line_height":0,"ocean_menu_typo_line_height_tablet":0,"ocean_menu_typo_line_height_mobile":0,"ocean_menu_typo_line_height_unit":"","ocean_menu_typo_spacing":0,"ocean_menu_typo_spacing_tablet":0,"ocean_menu_typo_spacing_mobile":0,"ocean_menu_typo_spacing_unit":"","ocean_menu_link_color":"","ocean_menu_link_color_hover":"","ocean_menu_link_color_active":"","ocean_menu_link_background":"","ocean_menu_link_hover_background":"","ocean_menu_link_active_background":"","ocean_menu_social_links_bg":"","ocean_menu_social_hover_links_bg":"","ocean_menu_social_links_color":"","ocean_menu_social_hover_links_color":"","ocean_disable_title":"default","ocean_disable_heading":"default","ocean_post_title":"","ocean_post_subheading":"","ocean_post_title_style":"","ocean_post_title_background_color":"","ocean_post_title_background":0,"ocean_post_title_bg_image_position":"","ocean_post_title_bg_image_attachment":"","ocean_post_title_bg_image_repeat":"","ocean_post_title_bg_image_size":"","ocean_post_title_height":0,"ocean_post_title_bg_overlay":0.5,"ocean_post_title_bg_overlay_color":"","ocean_disable_breadcrumbs":"default","ocean_breadcrumbs_color":"","ocean_breadcrumbs_separator_color":"","ocean_breadcrumbs_links_color":"","ocean_breadcrumbs_links_hover_color":"","ocean_display_footer_widgets":"default","ocean_display_footer_bottom":"default","ocean_custom_footer_template":"0"},"product_brand":[],"product_cat":[51],"product_tag":[],"class_list":{"0":"post-5684","1":"product","2":"type-product","3":"status-publish","4":"has-post-thumbnail","6":"product_cat-stufa","8":"entry","9":"has-media","11":"first","12":"instock","13":"sale","14":"shipping-taxable","15":"purchasable","16":"product-type-simple","17":"has-rating","18":"has-product-nav","19":"col","20":"span_1_of_3","21":"owp-content-center","22":"owp-thumbs-layout-horizontal","23":"owp-btn-normal","24":"owp-tabs-layout-horizontal"},"_links":{"self":[{"href":"https:\/\/bufoli-legnami.com\/it\/wp-json\/wp\/v2\/product\/5684","targetHints":{"allow":["GET"]}}],"collection":[{"href":"https:\/\/bufoli-legnami.com\/it\/wp-json\/wp\/v2\/product"}],"about":[{"href":"https:\/\/bufoli-legnami.com\/it\/wp-json\/wp\/v2\/types\/product"}],"replies":[{"embeddable":true,"href":"https:\/\/bufoli-legnami.com\/it\/wp-json\/wp\/v2\/comments?post=5684"}],"version-history":[{"count":1,"href":"https:\/\/bufoli-legnami.com\/it\/wp-json\/wp\/v2\/product\/5684\/revisions"}],"predecessor-version":[{"id":6315,"href":"https:\/\/bufoli-legnami.com\/it\/wp-json\/wp\/v2\/product\/5684\/revisions\/6315"}],"wp:featuredmedia":[{"embeddable":true,"href":"https:\/\/bufoli-legnami.com\/it\/wp-json\/wp\/v2\/media\/5776"}],"wp:attachment":[{"href":"https:\/\/bufoli-legnami.com\/it\/wp-json\/wp\/v2\/media?parent=5684"}],"wp:term":[{"taxonomy":"product_brand","embeddable":true,"href":"https:\/\/bufoli-legnami.com\/it\/wp-json\/wp\/v2\/product_brand?post=5684"},{"taxonomy":"product_cat","embeddable":true,"href":"https:\/\/bufoli-legnami.com\/it\/wp-json\/wp\/v2\/product_cat?post=5684"},{"taxonomy":"product_tag","embeddable":true,"href":"https:\/\/bufoli-legnami.com\/it\/wp-json\/wp\/v2\/product_tag?post=5684"}],"curies":[{"name":"wp","href":"https:\/\/api.w.org\/{rel}","templated":true}]}}