{"id":5142,"date":"2023-10-12T03:45:54","date_gmt":"2023-10-12T01:45:54","guid":{"rendered":"https:\/\/legnaenergia.com\/?post_type=product&#038;p=5142"},"modified":"2025-10-28T14:53:10","modified_gmt":"2025-10-28T14:53:10","slug":"stufa-a-pellet-salvaspazio-slim-6-grigio-puntinato-614-kw","status":"publish","type":"product","link":"https:\/\/bufoli-legnami.com\/it\/prodotto\/stufa-a-pellet-salvaspazio-slim-6-grigio-puntinato-614-kw\/","title":{"rendered":"Stufa a pellet salvaspazio slim 6 grigio puntinato 6,14 kw"},"content":{"rendered":"<p>Caratteristiche del prodotto<br \/>\nConsumo elettrico min (W) 100<br \/>\nAgevolazioni Fiscali S<br \/>\nAmbienti Fino a 160m<br \/>\nAutonomia max\u00a0 16 ore<br \/>\nCanalizzabile No<br \/>\nCert. Aria Pulita 4 Stelle<br \/>\nClasse energetica A+<br \/>\nColore Grigio<br \/>\nCombustibile Pellet<br \/>\nConsegna su Bancale S<br \/>\nConsumo 0,62 &#8211; 1,33 kg\/h<br \/>\nConsumo elettrico max (W) 300<br \/>\nConto Termico S<br \/>\nDiam. condotto fumi (mm) 80<br \/>\nIncentivo Conto Termico<br \/>\nMarca Canadian Stove<br \/>\nPotenza (kW) 6<br \/>\nPotenza nominale utile 2,92 &#8211; 6,14 kw<br \/>\nPotenza termica globale 3,04 &#8211; 6,53 kW<br \/>\nRendimento 94,01 &#8211; 95,93 %<br \/>\nSerbatoio pellet 10 kg<br \/>\nSuperficie Piccola<br \/>\nConsegna su appuntamento S<br \/>\nDimiensioni prodotto<br \/>\nLarghezza: 0.885 m.<br \/>\nAltezza: 0.89 m.<br \/>\nProfondit: 25.9 cm.<br \/>\nPeso: 74.0 Kg.<br \/>\nDimensioni Imballo<br \/>\nLarghezza: 102.0 cm.<\/p>","protected":false},"excerpt":{"rendered":"<p>Stufa a pellet slim da 6kW di soli 25 cm di spessore, \u00e8 la stufa ideale per ambienti ristretti e corridoi. Grazie alla possibilit\u00e0 di scarico fumi sia superiore che posteriore, pu\u00f2 essere installata direttamente a filo muro. La sua struttura moderna e compatta e l&rsquo;elegante colore grigio la rendono facilmente inseribile in qualsiasi contesto. Con i suoi 6kW di potenza e una resa superiore al 95% \u00e8 consigliata per riscaldare ambienti sino a 55m\u00b2 (metratura riferita a un&rsquo;altezza pavimento-soffitto di 2,7m).<\/p>","protected":false},"featured_media":5778,"comment_status":"open","ping_status":"closed","template":"","meta":{"ocean_post_layout":"","ocean_both_sidebars_style":"","ocean_both_sidebars_content_width":0,"ocean_both_sidebars_sidebars_width":0,"ocean_sidebar":"0","ocean_second_sidebar":"0","ocean_disable_margins":"enable","ocean_add_body_class":"","ocean_shortcode_before_top_bar":"","ocean_shortcode_after_top_bar":"","ocean_shortcode_before_header":"","ocean_shortcode_after_header":"","ocean_has_shortcode":"","ocean_shortcode_after_title":"","ocean_shortcode_before_footer_widgets":"","ocean_shortcode_after_footer_widgets":"","ocean_shortcode_before_footer_bottom":"","ocean_shortcode_after_footer_bottom":"","ocean_display_top_bar":"default","ocean_display_header":"default","ocean_header_style":"","ocean_center_header_left_menu":"0","ocean_custom_header_template":"0","ocean_custom_logo":0,"ocean_custom_retina_logo":0,"ocean_custom_logo_max_width":0,"ocean_custom_logo_tablet_max_width":0,"ocean_custom_logo_mobile_max_width":0,"ocean_custom_logo_max_height":0,"ocean_custom_logo_tablet_max_height":0,"ocean_custom_logo_mobile_max_height":0,"ocean_header_custom_menu":"0","ocean_menu_typo_font_family":"0","ocean_menu_typo_font_subset":"","ocean_menu_typo_font_size":0,"ocean_menu_typo_font_size_tablet":0,"ocean_menu_typo_font_size_mobile":0,"ocean_menu_typo_font_size_unit":"px","ocean_menu_typo_font_weight":"","ocean_menu_typo_font_weight_tablet":"","ocean_menu_typo_font_weight_mobile":"","ocean_menu_typo_transform":"","ocean_menu_typo_transform_tablet":"","ocean_menu_typo_transform_mobile":"","ocean_menu_typo_line_height":0,"ocean_menu_typo_line_height_tablet":0,"ocean_menu_typo_line_height_mobile":0,"ocean_menu_typo_line_height_unit":"","ocean_menu_typo_spacing":0,"ocean_menu_typo_spacing_tablet":0,"ocean_menu_typo_spacing_mobile":0,"ocean_menu_typo_spacing_unit":"","ocean_menu_link_color":"","ocean_menu_link_color_hover":"","ocean_menu_link_color_active":"","ocean_menu_link_background":"","ocean_menu_link_hover_background":"","ocean_menu_link_active_background":"","ocean_menu_social_links_bg":"","ocean_menu_social_hover_links_bg":"","ocean_menu_social_links_color":"","ocean_menu_social_hover_links_color":"","ocean_disable_title":"default","ocean_disable_heading":"default","ocean_post_title":"","ocean_post_subheading":"","ocean_post_title_style":"","ocean_post_title_background_color":"","ocean_post_title_background":0,"ocean_post_title_bg_image_position":"","ocean_post_title_bg_image_attachment":"","ocean_post_title_bg_image_repeat":"","ocean_post_title_bg_image_size":"","ocean_post_title_height":0,"ocean_post_title_bg_overlay":0.5,"ocean_post_title_bg_overlay_color":"","ocean_disable_breadcrumbs":"default","ocean_breadcrumbs_color":"","ocean_breadcrumbs_separator_color":"","ocean_breadcrumbs_links_color":"","ocean_breadcrumbs_links_hover_color":"","ocean_display_footer_widgets":"default","ocean_display_footer_bottom":"default","ocean_custom_footer_template":"0"},"product_brand":[],"product_cat":[51],"product_tag":[],"class_list":{"0":"post-5142","1":"product","2":"type-product","3":"status-publish","4":"has-post-thumbnail","6":"product_cat-stufa","8":"entry","9":"has-media","11":"first","12":"instock","13":"sale","14":"shipping-taxable","15":"purchasable","16":"product-type-simple","17":"has-rating","18":"has-product-nav","19":"col","20":"span_1_of_3","21":"owp-content-center","22":"owp-thumbs-layout-horizontal","23":"owp-btn-normal","24":"owp-tabs-layout-horizontal"},"_links":{"self":[{"href":"https:\/\/bufoli-legnami.com\/it\/wp-json\/wp\/v2\/product\/5142","targetHints":{"allow":["GET"]}}],"collection":[{"href":"https:\/\/bufoli-legnami.com\/it\/wp-json\/wp\/v2\/product"}],"about":[{"href":"https:\/\/bufoli-legnami.com\/it\/wp-json\/wp\/v2\/types\/product"}],"replies":[{"embeddable":true,"href":"https:\/\/bufoli-legnami.com\/it\/wp-json\/wp\/v2\/comments?post=5142"}],"version-history":[{"count":1,"href":"https:\/\/bufoli-legnami.com\/it\/wp-json\/wp\/v2\/product\/5142\/revisions"}],"predecessor-version":[{"id":5782,"href":"https:\/\/bufoli-legnami.com\/it\/wp-json\/wp\/v2\/product\/5142\/revisions\/5782"}],"wp:featuredmedia":[{"embeddable":true,"href":"https:\/\/bufoli-legnami.com\/it\/wp-json\/wp\/v2\/media\/5778"}],"wp:attachment":[{"href":"https:\/\/bufoli-legnami.com\/it\/wp-json\/wp\/v2\/media?parent=5142"}],"wp:term":[{"taxonomy":"product_brand","embeddable":true,"href":"https:\/\/bufoli-legnami.com\/it\/wp-json\/wp\/v2\/product_brand?post=5142"},{"taxonomy":"product_cat","embeddable":true,"href":"https:\/\/bufoli-legnami.com\/it\/wp-json\/wp\/v2\/product_cat?post=5142"},{"taxonomy":"product_tag","embeddable":true,"href":"https:\/\/bufoli-legnami.com\/it\/wp-json\/wp\/v2\/product_tag?post=5142"}],"curies":[{"name":"wp","href":"https:\/\/api.w.org\/{rel}","templated":true}]}}