{"id":5135,"date":"2023-10-12T01:56:22","date_gmt":"2023-10-11T23:56:22","guid":{"rendered":"https:\/\/legnaenergia.com\/?post_type=product&#038;p=5135"},"modified":"2025-11-10T09:05:36","modified_gmt":"2025-11-10T09:05:36","slug":"legno-densificato-resinoso-pallet-da-960-kg","status":"publish","type":"product","link":"https:\/\/bufoli-legnami.com\/it\/prodotto\/legno-densificato-resinoso-pallet-da-960-kg\/","title":{"rendered":"LEGNO DENSIFICATO &#8211; RESINOSO &#8211; BANCALE DA 960 KG"},"content":{"rendered":"<p>Il legno densificato \u00e8 molto facile da maneggiare e conservare e il suo potere calorifico \u00e8 3 volte superiore a quello di un ceppo tradizionale.<\/p>\n<p>Un ceppo di legno densificato brucia per 1 o 2 ore.<\/p>\n<p>Tutto il nostro legno densificato \u00e8 naturale al 100% e non contiene colla o additivi.<\/p>\n<p>Per la conservazione, \u00e8 essenziale tenerli al riparo dall&rsquo;umidit\u00e0 e, perch\u00e9 no, vicino al camino, perch\u00e9 sotto la pellicola di plastica i ceppi sono puliti e privi di polvere.<\/p>\n<p>La legna densificata pu\u00f2 essere utilizzata in tutti i tipi di sistemi di riscaldamento: a focolare chiuso, a focolare aperto o a inserto, come complemento alla legna tradizionale o in sostituzione.<\/p>","protected":false},"excerpt":{"rendered":"<p>Bancale di 96 lotti di 5 tronchi di legno densificati, miscela di conifere, senza colla o additivi, di circa 30 cm di lunghezza e 9 cm di diametro, alto potere calorifico (&gt; 5 kWh\/kg), contenuto di umidit\u00e0 &lt; 10%.<\/p>","protected":false},"featured_media":5824,"comment_status":"open","ping_status":"closed","template":"","meta":{"ocean_post_layout":"","ocean_both_sidebars_style":"","ocean_both_sidebars_content_width":0,"ocean_both_sidebars_sidebars_width":0,"ocean_sidebar":"0","ocean_second_sidebar":"0","ocean_disable_margins":"enable","ocean_add_body_class":"","ocean_shortcode_before_top_bar":"","ocean_shortcode_after_top_bar":"","ocean_shortcode_before_header":"","ocean_shortcode_after_header":"","ocean_has_shortcode":"","ocean_shortcode_after_title":"","ocean_shortcode_before_footer_widgets":"","ocean_shortcode_after_footer_widgets":"","ocean_shortcode_before_footer_bottom":"","ocean_shortcode_after_footer_bottom":"","ocean_display_top_bar":"default","ocean_display_header":"default","ocean_header_style":"","ocean_center_header_left_menu":"0","ocean_custom_header_template":"0","ocean_custom_logo":0,"ocean_custom_retina_logo":0,"ocean_custom_logo_max_width":0,"ocean_custom_logo_tablet_max_width":0,"ocean_custom_logo_mobile_max_width":0,"ocean_custom_logo_max_height":0,"ocean_custom_logo_tablet_max_height":0,"ocean_custom_logo_mobile_max_height":0,"ocean_header_custom_menu":"0","ocean_menu_typo_font_family":"0","ocean_menu_typo_font_subset":"","ocean_menu_typo_font_size":0,"ocean_menu_typo_font_size_tablet":0,"ocean_menu_typo_font_size_mobile":0,"ocean_menu_typo_font_size_unit":"px","ocean_menu_typo_font_weight":"","ocean_menu_typo_font_weight_tablet":"","ocean_menu_typo_font_weight_mobile":"","ocean_menu_typo_transform":"","ocean_menu_typo_transform_tablet":"","ocean_menu_typo_transform_mobile":"","ocean_menu_typo_line_height":0,"ocean_menu_typo_line_height_tablet":0,"ocean_menu_typo_line_height_mobile":0,"ocean_menu_typo_line_height_unit":"","ocean_menu_typo_spacing":0,"ocean_menu_typo_spacing_tablet":0,"ocean_menu_typo_spacing_mobile":0,"ocean_menu_typo_spacing_unit":"","ocean_menu_link_color":"","ocean_menu_link_color_hover":"","ocean_menu_link_color_active":"","ocean_menu_link_background":"","ocean_menu_link_hover_background":"","ocean_menu_link_active_background":"","ocean_menu_social_links_bg":"","ocean_menu_social_hover_links_bg":"","ocean_menu_social_links_color":"","ocean_menu_social_hover_links_color":"","ocean_disable_title":"default","ocean_disable_heading":"default","ocean_post_title":"","ocean_post_subheading":"","ocean_post_title_style":"","ocean_post_title_background_color":"","ocean_post_title_background":0,"ocean_post_title_bg_image_position":"","ocean_post_title_bg_image_attachment":"","ocean_post_title_bg_image_repeat":"","ocean_post_title_bg_image_size":"","ocean_post_title_height":0,"ocean_post_title_bg_overlay":0.5,"ocean_post_title_bg_overlay_color":"","ocean_disable_breadcrumbs":"default","ocean_breadcrumbs_color":"","ocean_breadcrumbs_separator_color":"","ocean_breadcrumbs_links_color":"","ocean_breadcrumbs_links_hover_color":"","ocean_display_footer_widgets":"default","ocean_display_footer_bottom":"default","ocean_custom_footer_template":"0"},"product_brand":[],"product_cat":[50],"product_tag":[],"class_list":{"0":"post-5135","1":"product","2":"type-product","3":"status-publish","4":"has-post-thumbnail","6":"product_cat-legno-compresso","8":"entry","9":"has-media","11":"first","12":"instock","13":"shipping-taxable","14":"purchasable","15":"product-type-simple","16":"has-rating","17":"has-product-nav","18":"col","19":"span_1_of_3","20":"owp-content-center","21":"owp-thumbs-layout-horizontal","22":"owp-btn-normal","23":"owp-tabs-layout-horizontal"},"_links":{"self":[{"href":"https:\/\/bufoli-legnami.com\/it\/wp-json\/wp\/v2\/product\/5135","targetHints":{"allow":["GET"]}}],"collection":[{"href":"https:\/\/bufoli-legnami.com\/it\/wp-json\/wp\/v2\/product"}],"about":[{"href":"https:\/\/bufoli-legnami.com\/it\/wp-json\/wp\/v2\/types\/product"}],"replies":[{"embeddable":true,"href":"https:\/\/bufoli-legnami.com\/it\/wp-json\/wp\/v2\/comments?post=5135"}],"version-history":[{"count":0,"href":"https:\/\/bufoli-legnami.com\/it\/wp-json\/wp\/v2\/product\/5135\/revisions"}],"wp:featuredmedia":[{"embeddable":true,"href":"https:\/\/bufoli-legnami.com\/it\/wp-json\/wp\/v2\/media\/5824"}],"wp:attachment":[{"href":"https:\/\/bufoli-legnami.com\/it\/wp-json\/wp\/v2\/media?parent=5135"}],"wp:term":[{"taxonomy":"product_brand","embeddable":true,"href":"https:\/\/bufoli-legnami.com\/it\/wp-json\/wp\/v2\/product_brand?post=5135"},{"taxonomy":"product_cat","embeddable":true,"href":"https:\/\/bufoli-legnami.com\/it\/wp-json\/wp\/v2\/product_cat?post=5135"},{"taxonomy":"product_tag","embeddable":true,"href":"https:\/\/bufoli-legnami.com\/it\/wp-json\/wp\/v2\/product_tag?post=5135"}],"curies":[{"name":"wp","href":"https:\/\/api.w.org\/{rel}","templated":true}]}}