{"id":5175,"date":"2023-10-18T13:55:54","date_gmt":"2023-10-18T11:55:54","guid":{"rendered":"https:\/\/legnaenergia.com\/?page_id=5175"},"modified":"2024-11-13T18:57:52","modified_gmt":"2024-11-13T18:57:52","slug":"condizioni-generali-di-vendita","status":"publish","type":"page","link":"https:\/\/bufoli-legnami.com\/it\/condizioni-generali-di-vendita\/","title":{"rendered":"Condizioni Generali di Vendita"},"content":{"rendered":"<div data-elementor-type=\"wp-page\" data-elementor-id=\"5175\" class=\"elementor elementor-5175\">\n\t\t\t\t\t\t<section class=\"elementor-section elementor-top-section elementor-element elementor-element-d457243 elementor-section-boxed elementor-section-height-default elementor-section-height-default\" data-id=\"d457243\" data-element_type=\"section\">\n\t\t\t\t\t\t<div class=\"elementor-container elementor-column-gap-default\">\n\t\t\t\t\t<div class=\"elementor-column elementor-col-100 elementor-top-column elementor-element elementor-element-a0b38db\" data-id=\"a0b38db\" data-element_type=\"column\">\n\t\t\t<div class=\"elementor-widget-wrap elementor-element-populated\">\n\t\t\t\t\t\t<div class=\"elementor-element elementor-element-c43bd36 elementor-widget elementor-widget-text-editor\" data-id=\"c43bd36\" data-element_type=\"widget\" data-widget_type=\"text-editor.default\">\n\t\t\t\t<div class=\"elementor-widget-container\">\n\t\t\t\t\t\t\t\t\t<p><strong>Articolo 1 &#8211; Scopo<\/strong><\/p><p>Le presenti CGV si applicano senza limitazioni o riserve a tutte le vendite concluse da BUFOLI LEGNAMI con gli acquirenti che desiderano acquisire i prodotti messi in vendita mediante acquisto immediato o effettuando un ordine tramite il sito web del venditore.<\/p><p>Il venditore o BUFOLI LEGNAMI, il cliente o l&rsquo;acquirente, possono di seguito essere indicati singolarmente come \u00ab\u00a0Parte\u00a0\u00bb o collettivamente come \u00ab\u00a0Parti\u00a0\u00bb.<\/p><p>Le CGV specificano in particolare le condizioni per l&rsquo;acquisto immediato, l&rsquo;inoltro degli ordini, il pagamento e la consegna o la consegna dei Prodotti ordinati dai clienti.<\/p><p>Le presenti CGV si applicano ad esclusione di tutte le altre condizioni. Esse sono sistematicamente comunicate a tutti i Clienti prima dell&rsquo;acquisto immediato o prima dell&rsquo;inoltro dell&rsquo;ordine e prevarranno, ove applicabile, su qualsiasi altra versione o su qualsiasi altro documento contraddittorio.<\/p><p>Il Cliente dichiara di aver letto e accettato le presenti Condizioni Generali di Vendita prima di effettuare un acquisto immediato o un ordine. Poich\u00e9 le presenti CGV possono essere soggette a modifiche successive, la versione applicabile all&rsquo;acquisto del cliente \u00e8 quella in vigore alla data dell&rsquo;acquisto immediato o dell&rsquo;invio dell&rsquo;ordine.<\/p><p>La convalida dell&rsquo;ordine da parte del cliente implica l&rsquo;accettazione senza riserve delle presenti CGV. BUFOLI LEGNAMI non sar\u00e0 vincolata da alcuna condizione contraria posta dall&rsquo;acquirente che non sia stata accettata per iscritto.<\/p><p><strong>Articolo 2 &#8211; Area geografica<\/strong><\/p><p>La vendita online dei prodotti presentati sul sito web del venditore \u00e8 riservata agli acquirenti residenti in Italia o in Svizzera.<\/p><p><strong>Articolo 3 &#8211; Caratteristiche dei prodotti offerti in vendita<\/strong><\/p><p>I prodotti offerti in vendita dal venditore sono principalmente stufe a legna densificata, stufe a legna spaccata, pellet, tronchetti, prodotti di accensione per il riscaldamento e qualsiasi altro bene commercializzato da BUFOLI LEGNAMI (di seguito i \u00ab\u00a0Prodotti\u00a0\u00bb).<\/p><p>Le caratteristiche principali dei Prodotti, e in particolare le specifiche, le illustrazioni e le indicazioni di dimensioni o capacit\u00e0 dei Prodotti, sono presentate nel catalogo del venditore, pubblicato sul sito web del venditore. Le fotografie e i grafici presentati non sono contrattuali e non comportano alcuna responsabilit\u00e0 per il Venditore. Il cliente deve fare riferimento alla descrizione di ciascun prodotto per conoscerne le propriet\u00e0 e le caratteristiche essenziali.<\/p><p>Le offerte di prodotti sono soggette a disponibilit\u00e0.<\/p><p>Articolo 4 &#8211; Ordini effettuati sul sito web www.bufoli-legnami.com<\/p><p>L&rsquo;acquirente effettua un ordine sul sito web del venditore: \u00ab\u00a0www.bufoli-legnami.com\u00a0\u00bb. Per acquistare uno o pi\u00f9 prodotti, deve seguire il seguente processo d&rsquo;ordine:<\/p><p>Scelta dei prodotti e aggiunta al carrello<br \/>Convalida del contenuto del carrello<br \/>Identificazione sul sito web o registrazione sul modulo di identificazione, sul quale devono fornire tutti i dati richiesti (identit\u00e0, indirizzo e-mail, indirizzo di consegna, indirizzo di fatturazione, ecc.)<br \/>Scelta del metodo di consegna<br \/>Scelta della modalit\u00e0 di pagamento e accettazione delle CGC<br \/>Conferma del pagamento<br \/>L&rsquo;acquirente ricever\u00e0 un&rsquo;e-mail di conferma dell&rsquo;ordine, con un riepilogo dello stesso.<\/p><p>In qualsiasi momento del processo d&rsquo;ordine, l&rsquo;acquirente pu\u00f2 visualizzare i dettagli del suo ordine e il suo prezzo totale e correggere eventuali errori prima di confermarlo per esprimere la sua accettazione.<\/p><p>BUFOLI LEGNAMI si riserva la propriet\u00e0 dei prodotti fino al completo pagamento dell&rsquo;ordine, ovvero al ricevimento del prezzo dell&rsquo;ordine da parte di BUFOLI LEGNAMI.<\/p><p>BUFOLI LEGNAMI si riserva il diritto di annullare o rifiutare qualsiasi ordine da parte di un acquirente con il quale vi sia una controversia sul pagamento o sulla consegna di un ordine precedente. Qualsiasi ordine implica l&rsquo;accettazione dei prezzi e dei prodotti disponibili per la vendita.<\/p><p>BUFOLI LEGNAMI si impegna a onorare gli ordini ricevuti sul sito web solo fino ad esaurimento scorte.<\/p><p>In caso di annullamento dell&rsquo;ordine da parte del Cliente dopo la ricezione dell&rsquo;e-mail di conferma dell&rsquo;ordine, per qualsiasi motivo diverso dalla forza maggiore e dall&rsquo;esercizio del diritto di recesso, l&rsquo;eventuale somma versata al momento dell&rsquo;acquisto dei prodotti sar\u00e0 automaticamente acquisita dal venditore e non potr\u00e0 dar luogo ad alcun rimborso.<\/p><p><strong>Articolo 5 &#8211; Ordini &#8211; Acquisti immediati<\/strong><\/p><p>Oltre agli ordini effettuati sul sito web del Venditore (in particolare nel caso di ordini telefonici), gli ordini di prodotti e gli acquisti immediati vengono effettuati come segue:<\/p><p>Scelta dei prodotti<br \/>Identificazione dell&rsquo;acquirente (dati di contatto, indirizzo e-mail, indirizzo di consegna, indirizzo di fatturazione, ecc.)<br \/>Scelta del metodo di consegna<br \/>Scelta del metodo di pagamento e accettazione delle CGC<br \/>Conferma del pagamento<br \/>La vendita sar\u00e0 considerata definitiva solo quando il venditore avr\u00e0 inviato o dato al cliente la conferma dell&rsquo;accettazione dell&rsquo;ordine (via e-mail o con qualsiasi altro mezzo) e quando il venditore avr\u00e0 ricevuto il pagamento completo.<\/p><p>\u00c8 responsabilit\u00e0 del cliente verificare l&rsquo;esattezza dell&rsquo;ordine e segnalare immediatamente eventuali errori.<\/p><p>Il venditore si riserva il diritto di annullare o rifiutare qualsiasi ordine da parte di un cliente con il quale esista una controversia relativa al pagamento o alla consegna di un ordine precedente.<\/p><p>BUFOLI LEGNAMI si impegna a onorare gli ordini solo nei limiti delle scorte disponibili.<\/p><p>BUFOLI LEGNAMI si riserva la propriet\u00e0 dei prodotti fino al completo pagamento dell&rsquo;ordine, ovvero al ricevimento del prezzo dell&rsquo;ordine da parte di BUFOLI LEGNAMI.<\/p><p>In caso di annullamento dell&rsquo;ordine da parte del cliente dopo la sua accettazione da parte del venditore, per qualsiasi motivo diverso dalla forza maggiore e dall&rsquo;esercizio del diritto di recesso, l&rsquo;eventuale somma versata al momento dell&rsquo;acquisto dei prodotti sar\u00e0 automaticamente acquisita dal venditore e non potr\u00e0 dar luogo ad alcun rimborso.<\/p><p><strong>Articolo 6 &#8211; Prezzi dei prodotti<\/strong><\/p><p>I prezzi indicati sul sito www.bufoli-legnami.com, o comunicati telefonicamente, sono espressi in euro e sono comprensivi di tutte le tasse. Sono validi e pagabili al momento della convalida dell&rsquo;ordine.<\/p><p>Tali prezzi sono fermi e non rivedibili durante il loro periodo di validit\u00e0, come indicato nel catalogo prezzi del venditore, il quale si riserva il diritto, al di fuori di tale periodo di validit\u00e0, di modificare i prezzi in qualsiasi momento.<\/p><p>In particolare, i prezzi possono variare senza preavviso in base alle scorte disponibili, alle condizioni di mercato e di costo e alla politica commerciale di BUFOLI LEGNAMI .<\/p><p>Una volta convalidato l&rsquo;ordine, il prezzo di quest&rsquo;ultimo non \u00e8 pi\u00f9 soggetto a modifiche, tranne in caso di variazione delle imposte applicabili o di un errore evidente. Qualsiasi variazione dell&rsquo;aliquota IVA pu\u00f2 riflettersi sul prezzo dei prodotti.<\/p><p><strong>Articolo 7 &#8211; Condizioni di pagamento<\/strong><\/p><p>Il prezzo \u00e8 pagabile per intero il giorno in cui il cliente effettua l&rsquo;ordine, con le seguenti modalit\u00e0: bonifico bancario.<\/p><p>I pagamenti effettuati dal cliente saranno considerati definitivi solo quando il venditore avr\u00e0 effettivamente ricevuto le somme dovute.<\/p><p>Nel caso di ordini effettuati telefonicamente o con qualsiasi altro mezzo a distanza (ad eccezione dell&rsquo;ordine online tramite il sito web del venditore), i prodotti ordinati saranno riservati all&rsquo;acquirente per 7 giorni di calendario dalla data dell&rsquo;ordine. Trascorso tale periodo e in assenza di ricezione del pagamento, BUFOLI LEGNAMI si riserva il diritto di annullare l&rsquo;ordine del cliente.<\/p><p>Il venditore si riserva il diritto, in caso di mancato rispetto delle condizioni di pagamento di cui sopra, di sospendere o annullare la consegna degli ordini in corso effettuati dal cliente.<\/p><p>Al cliente non potranno essere addebitati costi aggiuntivi rispetto a quelli sostenuti dal venditore per l&rsquo;utilizzo di un mezzo di pagamento.<\/p><p><strong>Articolo 8 &#8211; Consegna dei prodotti &#8211; Consegne<\/strong><\/p><p>Salvo eccezioni o precisazioni al momento dell&rsquo;ordine, i prodotti ordinati dall&rsquo;acquirente sono consegnati da BUFOLI LEGNAMI direttamente all&rsquo;indirizzo di consegna indicato dall&rsquo;acquirente.<\/p><p>Consegna<\/p><p>Se BUFOLI LEGNAMI provvede alla consegna, i Prodotti vengono trasportati sotto la sua responsabilit\u00e0.<\/p><p>\u00c8 necessario fissare un appuntamento per la ricezione fisica dell&rsquo;ordine da parte dell&rsquo;acquirente o di uno dei suoi rappresentanti dal luned\u00ec al sabato, durante l&rsquo;orario di lavoro. L&rsquo;appuntamento consiste in una fascia oraria di una o mezza giornata.<\/p><p>I prodotti ordinati o acquistati dal Cliente saranno consegnati in Italia o in Svizzera entro i tempi di consegna indicati nella scheda prodotto, pi\u00f9 il tempo necessario per la lavorazione e la consegna all&rsquo;indirizzo indicato dal Cliente al momento dell&rsquo;acquisto o dell&rsquo;ordine.<\/p><p>I tempi di consegna indicati sul sito sono tempi medi indicativi, a condizione che i prodotti siano disponibili in magazzino al momento dell&rsquo;ordine. I tempi medi di consegna vanno dai 3 ai 5 giorni lavorativi. Questi tempi sono medi e possono essere estesi a 7 giorni per alcune destinazioni. Questi tempi non includono la preparazione dell&rsquo;ordine (da 1 a 2 giorni lavorativi) e decorrono dalla data di spedizione.<\/p><p>Il venditore si impegna a fare il possibile per consegnare i prodotti ordinati dal cliente entro i tempi sopra indicati.<\/p><p>Tuttavia, tali tempi sono indicati a titolo puramente indicativo. Se i Prodotti ordinati non sono stati consegnati entro 7 giorni dalla data di consegna indicativa, per qualsiasi motivo diverso dalla forza maggiore, la vendita pu\u00f2 essere annullata su richiesta scritta del Cliente alle condizioni previste dagli articoli L.216-2, L.216-3 e L.241-4 del Codice del Consumo. Le somme versate dal Cliente gli saranno quindi restituite al pi\u00f9 tardi entro 14 giorni dalla data di annullamento del contratto, con esclusione di qualsiasi indennizzo o detrazione.<\/p><p>La consegna consiste nel trasferimento al cliente del possesso fisico o del controllo del prodotto.<\/p><p>Salvo casi particolari o quando uno o pi\u00f9 prodotti non sono disponibili, i prodotti ordinati saranno consegnati in un&rsquo;unica spedizione.<\/p><p>L&rsquo;inoltro dell&rsquo;ordine implica la comprensione e l&rsquo;accettazione delle condizioni di consegna. In particolare, l&rsquo;indirizzo di consegna deve essere accessibile con un camion.<\/p><p>Se la consegna non \u00e8 possibile a causa dell&rsquo;accessibilit\u00e0 dell&rsquo;indirizzo del cliente al camion, le spese di restituzione saranno a carico del cliente. Le spese di restituzione fatturate possono essere superiori alle spese di trasporto forfettarie pagate al momento dell&rsquo;ordine e secondo il listino prezzi del vettore.<\/p><p>L&rsquo;acquirente deve accettare la consegna, il che implica la verifica della natura, della quantit\u00e0, del peso e del volume consegnati.<\/p><p>Eventuali reclami, per essere accettati, dovranno essere effettuati entro un massimo di tre giorni dal ricevimento dei prodotti mediante lettera raccomandata con ricevuta di ritorno indirizzata a BUFOLI LEGNAMI .<\/p><p>Nel caso in cui il reclamo riguardi la natura e la quantit\u00e0 dei Prodotti, esso dovr\u00e0 essere menzionato anche sulla controfoglia rimasta nelle mani del vettore, una copia della quale sar\u00e0 allegata alla lettera.<\/p><p>L&rsquo;acquirente deve verificare la conformit\u00e0 della merce consegnata e del suo imballaggio al momento della consegna e prima di firmare la bolla di consegna del vettore.<\/p><p>In caso di prodotti o imballaggi danneggiati, l&rsquo;acquirente deve indicare ogni anomalia sulla bolla di consegna e sotto forma di precise riserve manoscritte accompagnate dalla propria firma. In assenza di riserve manoscritte, la verifica si considera effettuata e la merce si considera consegnata in conformit\u00e0, una volta che l&rsquo;acquirente, o una persona autorizzata dall&rsquo;acquirente, abbia firmato la bolla di consegna. Non sar\u00e0 accettato alcun reclamo in assenza di precise riserve scritte a mano.<\/p><p><strong>Articolo 9 &#8211; Trasferimento di propriet\u00e0 &#8211; Trasferimento dei rischi<\/strong><\/p><p>Il trasferimento della propriet\u00e0 dei Prodotti dal Venditore al Cliente avverr\u00e0 solo dopo che il Cliente avr\u00e0 pagato l&rsquo;intero prezzo, indipendentemente dalla data di consegna dei Prodotti.<\/p><p><strong>Articolo 10 &#8211; Diritto di recesso<\/strong><\/p><p>In caso di ordine effettuato a distanza, tramite il sito web del venditore, per telefono o per e-mail, l&rsquo;acquirente dispone di un diritto di recesso di 14 giorni dalla data di ricevimento dei Prodotti da parte sua o di terzi.<\/p><p>L&rsquo;acquirente dispone di un periodo di 14 giorni, dalla comunicazione della sua decisione di recedere, per restituire i Prodotti consegnati, a sue spese e a suo rischio, nel loro imballaggio originale, accompagnati da una copia della bolla di consegna, al magazzino a lui indicato.<\/p><p>L&rsquo;Acquirente sar\u00e0 rimborsato entro 14 giorni dalla data in cui il Venditore \u00e8 stato informato della decisione dell&rsquo;Acquirente di recedere, subordinatamente alla restituzione dei Prodotti.<\/p><p>Se l&rsquo;Acquirente rifiuta la consegna una volta che i Prodotti sono stati spediti, le spese di restituzione resteranno a carico dell&rsquo;Acquirente. Le spese di restituzione fatturate possono essere superiori alle spese di consegna fisse pagate al momento dell&rsquo;ordine, a seconda del listino prezzi del vettore.<\/p><p><strong>Articolo 11 &#8211; Responsabilit\u00e0 del venditore &#8211; Garanzia<\/strong><\/p><p>I prodotti offerti in vendita sono conformi alla normativa vigente in Italia.<\/p><p>I prodotti forniti dal Venditore sono coperti per legge e senza pagamento supplementare, in conformit\u00e0 alle disposizioni di legge,<\/p><p>la garanzia legale di conformit\u00e0, per i prodotti che appaiono difettosi, danneggiati o non corrispondenti all&rsquo;ordine o all&rsquo;acquisto immediato, la garanzia legale contro i vizi occulti derivanti da un difetto di materiale, di progettazione o di fabbricazione che riguardi i prodotti consegnati e li renda inadatti all&rsquo;uso, secondo i termini e le condizioni indicati nel riquadro sottostante e definiti nell&rsquo;appendice alle presenti CGV (garanzia di conformit\u00e0 \/ garanzia contro i vizi occulti).<\/p><p>Si ricorda che, in base alla garanzia legale di conformit\u00e0, il cliente :<\/p><p>ha a disposizione un periodo di due anni dalla consegna del bene per agire nei confronti del venditore pu\u00f2 scegliere tra la riparazione o la sostituzione del prodotto ordinato, nel rispetto delle condizioni di costo previste dall&rsquo;articolo L.217-9 del Codice del consumo.<\/p><p>I difetti di conformit\u00e0 che si manifestano entro ventiquattro mesi dalla consegna del bene si presumono esistenti al momento della consegna, salvo prova contraria, tranne nel caso di beni usati, per i quali il termine \u00e8 esteso a sei mesi (art. L.217-7 del Codice del Consumo ).<\/p><p>La garanzia legale di conformit\u00e0 si applica indipendentemente da qualsiasi garanzia commerciale che possa coprire il prodotto.<\/p><p>I rimborsi per i prodotti ritenuti non conformi o difettosi saranno effettuati nel pi\u00f9 breve tempo possibile, e al pi\u00f9 tardi entro 14 giorni da quando il venditore si \u00e8 accorto del difetto di conformit\u00e0 o del vizio occulto.<\/p><p>I rimborsi saranno effettuati tramite bonifico sul conto bancario del cliente.<\/p><p><strong>Articolo 12 &#8211; Dati personali<\/strong><\/p><p>I dati personali comunicati dal Cliente sono conservati dal venditore ai fini dell&rsquo;attivit\u00e0 di BUFOLI LEGNAMI .<\/p><p>Il venditore garantisce la riservatezza dei dati personali raccolti.<\/p><p><strong>Articolo 13 &#8211; Esecuzione in natura<\/strong><\/p><p>In deroga alle disposizioni dell&rsquo;articolo 1221 del Codice civile, le Parti convengono che, in caso di inadempimento di una delle parti alle proprie obbligazioni, la parte inadempiente non potr\u00e0 richiedere l&rsquo;esecuzione forzata.<\/p><p>La parte inadempiente potr\u00e0, in caso di mancato adempimento di uno qualsiasi degli obblighi a carico dell&rsquo;altra parte, chiedere la risoluzione del contratto secondo i termini e le condizioni di seguito indicati.<\/p><p><strong>Articolo 14 &#8211; Eccezione di inadempimento<\/strong><\/p><p>Ai sensi dell&rsquo;articolo 1219 del Codice civile francese, ciascuna Parte pu\u00f2 rifiutarsi di adempiere alla propria obbligazione, anche se dovuta, se l&rsquo;altra Parte non adempie alla propria obbligazione e se tale inadempimento \u00e8 sufficientemente grave, ossia tale da mettere in pericolo la prosecuzione del contratto o da alterarne sostanzialmente l&rsquo;equilibrio economico.<\/p><p>La sospensione dell&rsquo;adempimento avr\u00e0 effetto immediato, al ricevimento da parte della Parte inadempiente della notifica di inadempimento inviatale a tal fine dalla Parte che ha subito l&rsquo;inadempimento, con l&rsquo;indicazione dell&rsquo;intenzione di applicare l&rsquo;eccezione di inadempimento per tutto il tempo in cui la Parte inadempiente non avr\u00e0 posto rimedio all&rsquo;inadempimento constatato, notificata mediante lettera raccomandata con ricevuta di ritorno o su qualsiasi altro supporto scritto durevole che fornisca la prova dell&rsquo;invio.<\/p><p>L&rsquo;eccezione di inadempimento pu\u00f2 essere utilizzata anche come misura preventiva, in conformit\u00e0 alle disposizioni dell&rsquo;articolo 1220 del Codice civile francese, se \u00e8 evidente che una delle Parti non adempir\u00e0 alle proprie obbligazioni alla data di scadenza e che le conseguenze di tale inadempimento sono sufficientemente gravi per la Parte vittima dell&rsquo;inadempimento.<\/p><p>Tale opzione \u00e8 utilizzata a rischio e pericolo della Parte che prende l&rsquo;iniziativa.<\/p><p>La sospensione dell&rsquo;esecuzione avr\u00e0 effetto immediato, al momento del ricevimento da parte della Parte presunta inadempiente della notifica dell&rsquo;intenzione di applicare l&rsquo;eccezione di inadempimento preventivo fino a quando la Parte presunta inadempiente non adempia all&rsquo;obbligazione per la quale \u00e8 manifesto un futuro inadempimento, notificata mediante lettera raccomandata con ricevuta di ritorno o su qualsiasi altro supporto scritto durevole che fornisca la prova dell&rsquo;invio.<\/p><p>Se l&rsquo;impedimento \u00e8 definitivo o persiste per pi\u00f9 di due mesi, il presente contratto sar\u00e0 risolto puramente e semplicemente secondo i termini e le condizioni definiti nell&rsquo;articolo Risoluzione per inadempimento di una Parte.<\/p><p><strong>Articolo 15 &#8211; Controversie<\/strong><\/p><p>Tutte le controversie a cui possono dar luogo le operazioni di compravendita concluse ai sensi delle presenti CGV, relative alla loro validit\u00e0, interpretazione, esecuzione, risoluzione, conseguenze e conseguenze, e che non hanno potuto essere risolte in via amichevole tra il venditore e il cliente, saranno sottoposte ai tribunali competenti secondo le condizioni del diritto comune.<\/p>\t\t\t\t\t\t\t\t<\/div>\n\t\t\t\t<\/div>\n\t\t\t\t\t<\/div>\n\t\t<\/div>\n\t\t\t\t\t<\/div>\n\t\t<\/section>\n\t\t\t\t<\/div>","protected":false},"excerpt":{"rendered":"<p>Articolo 1 &#8211; Scopo Le presenti CGV si applicano senza limitazioni o riserve a tutte le vendite concluse da BUFOLI LEGNAMI con gli acquirenti che desiderano acquisire i prodotti messi in vendita mediante acquisto immediato o effettuando un ordine tramite il sito web del venditore. Il venditore o BUFOLI LEGNAMI, il cliente o l&rsquo;acquirente, possono [&hellip;]<\/p>","protected":false},"author":1,"featured_media":0,"parent":0,"menu_order":0,"comment_status":"closed","ping_status":"closed","template":"","meta":{"ocean_post_layout":"","ocean_both_sidebars_style":"","ocean_both_sidebars_content_width":0,"ocean_both_sidebars_sidebars_width":0,"ocean_sidebar":"","ocean_second_sidebar":"","ocean_disable_margins":"enable","ocean_add_body_class":"","ocean_shortcode_before_top_bar":"","ocean_shortcode_after_top_bar":"","ocean_shortcode_before_header":"","ocean_shortcode_after_header":"","ocean_has_shortcode":"","ocean_shortcode_after_title":"","ocean_shortcode_before_footer_widgets":"","ocean_shortcode_after_footer_widgets":"","ocean_shortcode_before_footer_bottom":"","ocean_shortcode_after_footer_bottom":"","ocean_display_top_bar":"default","ocean_display_header":"default","ocean_header_style":"","ocean_center_header_left_menu":"","ocean_custom_header_template":"","ocean_custom_logo":0,"ocean_custom_retina_logo":0,"ocean_custom_logo_max_width":0,"ocean_custom_logo_tablet_max_width":0,"ocean_custom_logo_mobile_max_width":0,"ocean_custom_logo_max_height":0,"ocean_custom_logo_tablet_max_height":0,"ocean_custom_logo_mobile_max_height":0,"ocean_header_custom_menu":"","ocean_menu_typo_font_family":"","ocean_menu_typo_font_subset":"","ocean_menu_typo_font_size":0,"ocean_menu_typo_font_size_tablet":0,"ocean_menu_typo_font_size_mobile":0,"ocean_menu_typo_font_size_unit":"px","ocean_menu_typo_font_weight":"","ocean_menu_typo_font_weight_tablet":"","ocean_menu_typo_font_weight_mobile":"","ocean_menu_typo_transform":"","ocean_menu_typo_transform_tablet":"","ocean_menu_typo_transform_mobile":"","ocean_menu_typo_line_height":0,"ocean_menu_typo_line_height_tablet":0,"ocean_menu_typo_line_height_mobile":0,"ocean_menu_typo_line_height_unit":"","ocean_menu_typo_spacing":0,"ocean_menu_typo_spacing_tablet":0,"ocean_menu_typo_spacing_mobile":0,"ocean_menu_typo_spacing_unit":"","ocean_menu_link_color":"","ocean_menu_link_color_hover":"","ocean_menu_link_color_active":"","ocean_menu_link_background":"","ocean_menu_link_hover_background":"","ocean_menu_link_active_background":"","ocean_menu_social_links_bg":"","ocean_menu_social_hover_links_bg":"","ocean_menu_social_links_color":"","ocean_menu_social_hover_links_color":"","ocean_disable_title":"default","ocean_disable_heading":"default","ocean_post_title":"","ocean_post_subheading":"","ocean_post_title_style":"","ocean_post_title_background_color":"","ocean_post_title_background":0,"ocean_post_title_bg_image_position":"","ocean_post_title_bg_image_attachment":"","ocean_post_title_bg_image_repeat":"","ocean_post_title_bg_image_size":"","ocean_post_title_height":0,"ocean_post_title_bg_overlay":0.5,"ocean_post_title_bg_overlay_color":"","ocean_disable_breadcrumbs":"default","ocean_breadcrumbs_color":"","ocean_breadcrumbs_separator_color":"","ocean_breadcrumbs_links_color":"","ocean_breadcrumbs_links_hover_color":"","ocean_display_footer_widgets":"default","ocean_display_footer_bottom":"default","ocean_custom_footer_template":"","footnotes":""},"class_list":["post-5175","page","type-page","status-publish","hentry","entry","owp-thumbs-layout-horizontal","owp-btn-normal","owp-tabs-layout-horizontal","has-no-thumbnails","has-product-nav"],"_links":{"self":[{"href":"https:\/\/bufoli-legnami.com\/it\/wp-json\/wp\/v2\/pages\/5175","targetHints":{"allow":["GET"]}}],"collection":[{"href":"https:\/\/bufoli-legnami.com\/it\/wp-json\/wp\/v2\/pages"}],"about":[{"href":"https:\/\/bufoli-legnami.com\/it\/wp-json\/wp\/v2\/types\/page"}],"author":[{"embeddable":true,"href":"https:\/\/bufoli-legnami.com\/it\/wp-json\/wp\/v2\/users\/1"}],"replies":[{"embeddable":true,"href":"https:\/\/bufoli-legnami.com\/it\/wp-json\/wp\/v2\/comments?post=5175"}],"version-history":[{"count":3,"href":"https:\/\/bufoli-legnami.com\/it\/wp-json\/wp\/v2\/pages\/5175\/revisions"}],"predecessor-version":[{"id":5807,"href":"https:\/\/bufoli-legnami.com\/it\/wp-json\/wp\/v2\/pages\/5175\/revisions\/5807"}],"wp:attachment":[{"href":"https:\/\/bufoli-legnami.com\/it\/wp-json\/wp\/v2\/media?parent=5175"}],"curies":[{"name":"wp","href":"https:\/\/api.w.org\/{rel}","templated":true}]}}